{"id":685,"date":"2015-11-24T07:42:31","date_gmt":"2015-11-24T07:42:31","guid":{"rendered":"http:\/\/logistics.stylemixthemes.com\/demo\/?page_id=685"},"modified":"2024-05-22T18:14:32","modified_gmt":"2024-05-23T00:14:32","slug":"services-grid","status":"publish","type":"page","link":"https:\/\/www.astcargo.com\/index.php\/services-grid\/","title":{"rendered":"Nuestros Servicios"},"content":{"rendered":"<section class=\"wpb-content-wrapper\"><p>[vc_row css=\u00bb.vc_custom_1449137312762{margin-bottom: 40px !important;}\u00bb][vc_column offset=\u00bbvc_col-lg-4 vc_col-md-4&#8243; css=\u00bb.vc_custom_1449137321169{margin-bottom: 40px !important;}\u00bb][vc_column_text]<\/p>\n<h2>Calidad y Experiencia al mejor precio<\/h2>\n<p>[\/vc_column_text][\/vc_column][vc_column offset=\u00bbvc_col-lg-8 vc_col-md-8&#8243;][vc_column_text]Somos una empresa con m\u00e1s de 16 a\u00f1os de experiencia en el transporte de carga a\u00e9rea, mar\u00edtima y terrestre. Contamos con alianzas estrat\u00e9gicas a nivel nacional e internacional, que nos permiten brindar un servicio completo, seguro y confiable.<\/p>\n<p>Estamos comprometidos en brindar un servicio responsable, \u00e1gil y de alta calidad. Brindando servicios aduaneros altamente eficientes, garantizando env\u00edos globales utilizando la experiencia de agentes autorizados.<\/p>\n<p>Trabajamos en la sostenibilidad en todas las \u00e1reas de nuestro negocio, desde el transporte a\u00e9reo, mar\u00edtimo y terrestre hasta soluciones log\u00edsticas.[\/vc_column_text][\/vc_column][\/vc_row][vc_row css=\u00bb.vc_custom_1448358695952{margin-bottom: 40px !important;}\u00bb][vc_column][stm_services_grid posts_per_page=\u00bb15&#8243; posts_per_row=\u00bb3&#8243;][\/vc_column][\/vc_row][vc_row full_width=\u00bbstretch_row\u00bb css=\u00bb.vc_custom_1449137637970{margin-bottom: 0px !important;padding-top: 80px !important;padding-bottom: 30px !important;background-color: #f7f7f7 !important;}\u00bb][vc_column width=\u00bb1\/2&#8243; css=\u00bb.vc_custom_1449137646409{margin-bottom: 40px !important;}\u00bb][vc_column_text]<\/p>\n<h3>Soluciones Efectivas<\/h3>\n<p>Uno de los objetivos de AST CARGO es el de optimizar los procesos log\u00edsticos y de transporte internacional, por via mar\u00edtima, a\u00e9rea y terrestre de las empresas que nos conf\u00edan sus operaciones de aprovisionamiento o Import &#8211; Export.[\/vc_column_text][\/vc_column][vc_column width=\u00bb1\/2&#8243; css=\u00bb.vc_custom_1449137653081{margin-bottom: 40px !important;}\u00bb][vc_column_text]<\/p>\n<h3>Conf\u00eda en Nosotros<\/h3>\n<p>Nuestros conocimientos y experiencia en log\u00edstica nos permiten apoyarle en todo el proceso de gesti\u00f3n y control de Importaci\u00f3n y exportaci\u00f3n en aduanas con eficiencia y profesionalismo.[\/vc_column_text][\/vc_column][\/vc_row][vc_row full_width=\u00bbstretch_row_content_no_spaces\u00bb equal_height=\u00bbyes\u00bb content_placement=\u00bbtop\u00bb el_class=\u00bbsecondary_bg_color services_icons reset-sm-paddings\u00bb css=\u00bb.vc_custom_1450671531930{margin-bottom: 0px !important;}\u00bb][vc_column css=\u00bb.vc_custom_1449204255225{padding-top: 75px !important;padding-right: 115px !important;padding-bottom: 75px !important;padding-left: 115px !important;}\u00bb offset=\u00bbvc_col-lg-4 vc_col-md-4&#8243;][stm_icon icon_size=\u00bb67&#8243; icon_height=\u00bb90&#8243; title_font_size=\u00bb24&#8243; title_font_weight=\u00bb700&#8243; align=\u00bbcenter\u00bb icon=\u00bbstm-security\u00bb title=\u00bbProtecci\u00f3n y Seguridad\u00bb text=\u00bbCon el prop\u00f3sito de que nuestros clientes puedan tenes tranquilidad y confianza de que sus cargas est\u00e1n seguras y protegidas. AST Cargo le brinda el seguro `Contra todo riesgo`.\u00bb icon_color=\u00bb#ffffff\u00bb title_color=\u00bb#ffffff\u00bb text_color=\u00bb#ffffff\u00bb][\/vc_column][vc_column css=\u00bb.vc_custom_1449204260881{padding-top: 75px !important;padding-right: 115px !important;padding-bottom: 75px !important;padding-left: 115px !important;background-color: rgba(0,0,0,0.1) !important;*background-color: rgb(0,0,0) !important;}\u00bb offset=\u00bbvc_col-lg-4 vc_col-md-4&#8243;][stm_icon icon_size=\u00bb67&#8243; icon_height=\u00bb90&#8243; title_font_size=\u00bb24&#8243; title_font_weight=\u00bb700&#8243; align=\u00bbcenter\u00bb icon=\u00bbstm-fast-delivery\u00bb title=\u00bbEnv\u00edo R\u00e1pido\u00bb text=\u00bbConfia en la experiencia que te brindan nuestros expertos en log\u00edstica a nivel mundial\u00bb icon_color=\u00bb#ffffff\u00bb title_color=\u00bb#ffffff\u00bb text_color=\u00bb#ffffff\u00bb][\/vc_column][vc_column css=\u00bb.vc_custom_1449204266169{padding-top: 75px !important;padding-right: 115px !important;padding-bottom: 75px !important;padding-left: 115px !important;background-color: rgba(0,0,0,0.2) !important;*background-color: rgb(0,0,0) !important;}\u00bb offset=\u00bbvc_col-lg-4 vc_col-md-4&#8243;][stm_icon icon_size=\u00bb67&#8243; icon_height=\u00bb90&#8243; title_font_size=\u00bb24&#8243; title_font_weight=\u00bb700&#8243; align=\u00bbcenter\u00bb icon=\u00bbstm-support\u00bb title=\u00bbAtenci\u00f3n 24\/7&#8243; text=\u00bbEn caso de que tengas dudas o inconvenientes con tu mercancia\u00bb icon_color=\u00bb#ffffff\u00bb title_color=\u00bb#ffffff\u00bb text_color=\u00bb#ffffff\u00bb][\/vc_column][\/vc_row]<\/p>\n<\/section>","protected":false},"excerpt":{"rendered":"<p>[vc_row css=\u00bb.vc_custom_1449137312762{margin-bottom: 40px !important;}\u00bb][vc_column offset=\u00bbvc_col-lg-4 vc_col-md-4&#8243; css=\u00bb.vc_custom_1449137321169{margin-bottom: 40px !important;}\u00bb][vc_column_text] Calidad y Experiencia al mejor precio [\/vc_column_text][\/vc_column][vc_column offset=\u00bbvc_col-lg-8 vc_col-md-8&#8243;][vc_column_text]Somos una empresa con m\u00e1s de 16 a\u00f1os de experiencia en el transporte de carga a\u00e9rea,&#8230;<\/p>\n","protected":false},"author":1,"featured_media":0,"parent":0,"menu_order":0,"comment_status":"closed","ping_status":"closed","template":"","meta":{"footnotes":""},"class_list":["post-685","page","type-page","status-publish","hentry"],"_links":{"self":[{"href":"https:\/\/www.astcargo.com\/index.php\/wp-json\/wp\/v2\/pages\/685","targetHints":{"allow":["GET"]}}],"collection":[{"href":"https:\/\/www.astcargo.com\/index.php\/wp-json\/wp\/v2\/pages"}],"about":[{"href":"https:\/\/www.astcargo.com\/index.php\/wp-json\/wp\/v2\/types\/page"}],"author":[{"embeddable":true,"href":"https:\/\/www.astcargo.com\/index.php\/wp-json\/wp\/v2\/users\/1"}],"replies":[{"embeddable":true,"href":"https:\/\/www.astcargo.com\/index.php\/wp-json\/wp\/v2\/comments?post=685"}],"version-history":[{"count":5,"href":"https:\/\/www.astcargo.com\/index.php\/wp-json\/wp\/v2\/pages\/685\/revisions"}],"predecessor-version":[{"id":1644,"href":"https:\/\/www.astcargo.com\/index.php\/wp-json\/wp\/v2\/pages\/685\/revisions\/1644"}],"wp:attachment":[{"href":"https:\/\/www.astcargo.com\/index.php\/wp-json\/wp\/v2\/media?parent=685"}],"curies":[{"name":"wp","href":"https:\/\/api.w.org\/{rel}","templated":true}]}}