{"id":415,"date":"2015-11-17T04:19:36","date_gmt":"2015-11-17T04:19:36","guid":{"rendered":"http:\/\/logistics.stylemixthemes.com\/demo\/?page_id=415"},"modified":"2024-05-22T18:26:25","modified_gmt":"2024-05-23T00:26:25","slug":"about-us","status":"publish","type":"page","link":"https:\/\/www.astcargo.com\/index.php\/about-us\/","title":{"rendered":"Acerca de Nosotros"},"content":{"rendered":"<section class=\"wpb-content-wrapper\"><p>[vc_row css=\u00bb.vc_custom_1448604362911{margin-bottom: 100px !important;}\u00bb][vc_column offset=\u00bbvc_col-lg-9 vc_col-md-9&#8243;][vc_row_inner css=\u00bb.vc_custom_1449140720718{margin-bottom: 0px !important;}\u00bb][vc_column_inner offset=\u00bbvc_hidden-xs\u00bb css=\u00bb.vc_custom_1449140656921{margin-bottom: 80px !important;}\u00bb][rev_slider_vc alias=\u00bbabout_us_slider\u00bb][\/vc_column_inner][\/vc_row_inner][vc_column_text css=\u00bb.vc_custom_1716423982520{margin-bottom: 30px !important;}\u00bb]<\/p>\n<h2>\u00a1Somos AST Cargo!<\/h2>\n<p>Empresa con m\u00e1s de 12 a\u00f1os de experiencia en el transporte de carga. Contamos con alianzas estrat\u00e9gicas que nos permiten brindar un servicio \u00e1gil y robusto. Benef\u00edciese de nuestro servicio basado en principios r\u00edgidos de calidad con la responsabilidad, compromiso, conocimiento, proactividad y experiencia de todo nuestro equipo de trabajo.<\/p>\n<h2>Nuestra Misi\u00f3n<\/h2>\n<p>[\/vc_column_text][vc_row_inner css=\u00bb.vc_custom_1448605934156{margin-bottom: 80px !important;}\u00bb][vc_column_inner width=\u00bb1\/2&#8243;][vc_column_text css=\u00bb.vc_custom_1566949702196{margin-bottom: 30px !important;}\u00bb]<\/p>\n<ul class=\"style_3\">\n<li>Brindar un servicio al cliente responsable, \u00e1gil y de alta calidad.<\/li>\n<li>Proveer a nuestro equipo de un ambiente de trabajo atractivo.<\/li>\n<li>Trabajar bajo altos est\u00e1ndares \u00e9ticos.<\/li>\n<li>Perseguir siempre la mejora continua sobre todo nuestro proceso.<\/li>\n<\/ul>\n<p>[\/vc_column_text][\/vc_column_inner][vc_column_inner width=\u00bb1\/2&#8243;][vc_column_text]<\/p>\n<ul class=\"style_3\">\n<li>Seguridad sobre la carga.<\/li>\n<li>Servicios aduaneros altamente eficientes.<\/li>\n<li>Servicio log\u00edstico integral.<\/li>\n<\/ul>\n<p>[\/vc_column_text][\/vc_column_inner][\/vc_row_inner][\/vc_column][vc_column width=\u00bb1\/4&#8243; offset=\u00bbvc_hidden-sm vc_hidden-xs\u00bb][stm_service_info title=\u00bbNuestros Servicios\u00bb]<\/p>\n<ul>\n<li>Mudanzas Internacionales<\/li>\n<li>Servicios de Exportaci\u00f3n<\/li>\n<li>Consolidaci\u00f3n de Carga<\/li>\n<li>Servicio Aduanero<\/li>\n<li>Seguros y Otros<\/li>\n<li>Transporte Nacional<\/li>\n<li>Nacionalizaci\u00f3n de Mercader\u00edas<\/li>\n<li>Transporte de Carga<\/li>\n<\/ul>\n<p>[\/stm_service_info][\/vc_column][\/vc_row][vc_row full_width=\u00bbstretch_row\u00bb el_class=\u00bbsecondary_bg_color\u00bb css=\u00bb.vc_custom_1447734480631{margin-bottom: 0px !important;}\u00bb][vc_column][vc_cta h2=\u00bb\u00bfNo esta seguro cual servicio es el mas conveniente para Usted?\u00bb shape=\u00bbsquare\u00bb add_button=\u00bbright\u00bb btn_title=\u00bbPermitanos asesorarle\u00bb btn_style=\u00bboutline\u00bb btn_shape=\u00bbround\u00bb btn_color=\u00bbwhite\u00bb btn_i_align=\u00bbright\u00bb btn_i_icon_fontawesome=\u00bbstm-arrow-next\u00bb btn_add_icon=\u00bbtrue\u00bb el_class=\u00bbsecondary_bg_color\u00bb btn_link=\u00bburl:http%3A%2F%2Fastcargo.com%2Findex.php%2Fcontacts%2F|title:Cont%C3%A1ctenos||\u00bb][\/vc_cta][\/vc_column][\/vc_row]<\/p>\n<\/section>","protected":false},"excerpt":{"rendered":"<p>[vc_row css=\u00bb.vc_custom_1448604362911{margin-bottom: 100px !important;}\u00bb][vc_column offset=\u00bbvc_col-lg-9 vc_col-md-9&#8243;][vc_row_inner css=\u00bb.vc_custom_1449140720718{margin-bottom: 0px !important;}\u00bb][vc_column_inner offset=\u00bbvc_hidden-xs\u00bb css=\u00bb.vc_custom_1449140656921{margin-bottom: 80px !important;}\u00bb][rev_slider_vc alias=\u00bbabout_us_slider\u00bb][\/vc_column_inner][\/vc_row_inner][vc_column_text css=\u00bb.vc_custom_1716423982520{margin-bottom: 30px !important;}\u00bb] \u00a1Somos AST Cargo! Empresa con m\u00e1s de 12 a\u00f1os de experiencia en el transporte de carga&#8230;.<\/p>\n","protected":false},"author":1,"featured_media":0,"parent":0,"menu_order":0,"comment_status":"closed","ping_status":"closed","template":"","meta":{"footnotes":""},"class_list":["post-415","page","type-page","status-publish","hentry"],"_links":{"self":[{"href":"https:\/\/www.astcargo.com\/index.php\/wp-json\/wp\/v2\/pages\/415","targetHints":{"allow":["GET"]}}],"collection":[{"href":"https:\/\/www.astcargo.com\/index.php\/wp-json\/wp\/v2\/pages"}],"about":[{"href":"https:\/\/www.astcargo.com\/index.php\/wp-json\/wp\/v2\/types\/page"}],"author":[{"embeddable":true,"href":"https:\/\/www.astcargo.com\/index.php\/wp-json\/wp\/v2\/users\/1"}],"replies":[{"embeddable":true,"href":"https:\/\/www.astcargo.com\/index.php\/wp-json\/wp\/v2\/comments?post=415"}],"version-history":[{"count":10,"href":"https:\/\/www.astcargo.com\/index.php\/wp-json\/wp\/v2\/pages\/415\/revisions"}],"predecessor-version":[{"id":1650,"href":"https:\/\/www.astcargo.com\/index.php\/wp-json\/wp\/v2\/pages\/415\/revisions\/1650"}],"wp:attachment":[{"href":"https:\/\/www.astcargo.com\/index.php\/wp-json\/wp\/v2\/media?parent=415"}],"curies":[{"name":"wp","href":"https:\/\/api.w.org\/{rel}","templated":true}]}}