{"id":1269,"date":"2015-10-21T07:42:32","date_gmt":"2015-10-21T07:42:32","guid":{"rendered":"http:\/\/logistics.stylemixthemes.com\/demo\/?page_id=2"},"modified":"2024-05-22T20:21:32","modified_gmt":"2024-05-23T02:21:32","slug":"home","status":"publish","type":"page","link":"https:\/\/www.astcargo.com\/","title":{"rendered":"Inicio"},"content":{"rendered":"<section class=\"wpb-content-wrapper\"><p>[vc_row full_width=\u00bbstretch_row_content_no_spaces\u00bb css=\u00bb.vc_custom_1445941555299{margin-bottom: 0px !important;}\u00bb][vc_column offset=\u00bbvc_hidden-xs\u00bb][rev_slider_vc alias=\u00bbmain_slider\u00bb][\/vc_column][\/vc_row][vc_row full_width=\u00bbstretch_row\u00bb el_class=\u00bbbase_bg_color no_overflow_hidden\u00bb css=\u00bb.vc_custom_1448432556856{margin-bottom: 80px !important;}\u00bb][vc_column width=\u00bb1\/4&#8243; offset=\u00bbvc_hidden-xs\u00bb][stm_rev_slider_nav title=\u00bbTransporte Terrestre\u00bb icon=\u00bbstm-transport842&#8243; slide_number=\u00bb1&#8243;][\/vc_column][vc_column width=\u00bb1\/4&#8243; offset=\u00bbvc_hidden-xs\u00bb][stm_rev_slider_nav title=\u00bbTransporte A\u00e9reo\u00bb icon=\u00bbstm-transport839&#8243; slide_number=\u00bb2&#8243;][\/vc_column][vc_column width=\u00bb1\/4&#8243; offset=\u00bbvc_hidden-xs\u00bb][stm_rev_slider_nav title=\u00bbTransporte Mar\u00edtimo\u00bb icon=\u00bbstm-ship\u00bb slide_number=\u00bb3&#8243;][\/vc_column][vc_column width=\u00bb1\/4&#8243; offset=\u00bbvc_hidden-xs\u00bb][stm_rev_slider_nav title=\u00bbAlmacenamiento\u00bb icon=\u00bbstm-warehouse\u00bb slide_number=\u00bb4&#8243;][\/vc_column][\/vc_row][vc_row full_height=\u00bbyes\u00bb css=\u00bb.vc_custom_1449213766351{margin-bottom: 60px !important;background-image: url(https:\/\/www.astcargo.com\/wp-content\/uploads\/2015\/11\/placeholder.gif?id=1051) !important;background-position: center !important;background-repeat: no-repeat !important;background-size: cover !important;}\u00bb el_class=\u00bbvc_hidden-lg vc_hidden-md vc_hidden-sm\u00bb][vc_column offset=\u00bbvc_hidden-lg vc_hidden-md vc_hidden-sm\u00bb css=\u00bb.vc_custom_1449213666600{padding-top: 40px !important;padding-bottom: 40px !important;}\u00bb][vc_custom_heading text=\u00bbServicio de Entrega sin Igual\u00bb font_container=\u00bbtag:h1|text_align:left|color:%23ffffff\u00bb use_theme_fonts=\u00bbyes\u00bb el_class=\u00bbwhite_stripe\u00bb][vc_column_text]<span style=\"color: #ffffff; font-size: 16px; line-height: 28px;\">Starting from loading to unloading and maintaining the highest standards in terms of safety while in transit, we take nothing to chance.<\/span>[\/vc_column_text][vc_btn title=\u00bbSaber M\u00e1s\u00bb style=\u00bboutline\u00bb shape=\u00bbround\u00bb color=\u00bbtheme_style_3&#8243; i_align=\u00bbright\u00bb i_icon_fontawesome=\u00bbstm-arrow-next\u00bb add_icon=\u00bbtrue\u00bb][\/vc_column][\/vc_row][vc_row css=\u00bb.vc_custom_1567040583142{margin-bottom: 80px !important;}\u00bb][vc_column offset=\u00bbvc_col-lg-12 vc_col-md-6&#8243;][vc_column_text]<\/p>\n<h2><span style=\"font-weight: 300;\">\u00a1BIENVENIDOS A NUESTRO SITIO WEB!<\/span><\/h2>\n<div class=\"col1\">\n<div class=\"input-wrapper\">\n<div class=\"output-container\">\n<div id=\"output\">\n<p>Le invito a que conozca mas acerca de nuestra amplia oferta de servicios. AST Cargo es una empresa con mas de 12 a\u00f1os de experiencia movilizando y almacenando carga por las v\u00edas a\u00e9rea, mar\u00edtima y terrestre.<\/p>\n<p>Nuestro compromiso es el de transportar su carga de forma responsable y segura.<\/p>\n<\/div>\n<p>Al momento de movilizar su carga, confi\u00e9 en la experiencia y clientes que nos respaldan, conf\u00ede en los mejores, conf\u00ede en AST Cargo.<\/p>\n<\/div>\n<\/div>\n<\/div>\n<p>[\/vc_column_text][vc_row_inner][vc_column_inner][vc_column_text]<strong>JOAQUIN MARADIAGA<br \/>\n<\/strong><small>Cargo Manager<br \/>\n<\/small>[\/vc_column_text][\/vc_column_inner][\/vc_row_inner][\/vc_column][\/vc_row][vc_row full_width=\u00bbstretch_row\u00bb css=\u00bb.vc_custom_1450269319951{margin-bottom: 0px !important;padding-top: 80px !important;padding-bottom: 80px !important;}\u00bb el_class=\u00bbbase_bg_color\u00bb][vc_column][stm_services posts_per_page=\u00bb12&#8243; autoplay=\u00bbyes\u00bb items_tablet=\u00bb3&#8243; items_normal=\u00bb\u00bb items_small=\u00bb\u00bb]<\/p>\n<h2><span style=\"color: #ffffff; font-weight: 300;\">Servicios Especiales<br \/>\n<\/span><\/h2>\n<p><span style=\"color: #ffffff;\">No solo transportarnos su carga, sino que le ofrecemos servicios complementarios que hacen de nuestra oferta log\u00edstica una operaci\u00f3n integral.<\/span>[\/stm_services][\/vc_column][\/vc_row][vc_row full_width=\u00bbstretch_row\u00bb equal_height=\u00bbyes\u00bb parallax=\u00bbcontent-moving\u00bb el_class=\u00bbconvert_to_table overlay\u00bb css=\u00bb.vc_custom_1567029239117{margin-bottom: 80px !important;}\u00bb][vc_column css=\u00bb.vc_custom_1567029060812{padding-top: 60px !important;padding-right: 0px !important;padding-bottom: 60px !important;background-color: #ffffff !important;}\u00bb][vc_custom_heading text=\u00bbAlcanza tu destino 100% seguro\u00bb use_theme_fonts=\u00bbyes\u00bb el_class=\u00bbbase_font_color heading_without_line\u00bb][vc_column_text]Nuestro enfoque se centra en prestar un servicio log\u00edstico integral, buscando siempre el bienestar de su carga, a trav\u00e9s de un servicio basado en principios r\u00edgidos de calidad.[\/vc_column_text][vc_btn title=\u00bb\u00a1Cont\u00e1ctanos!\u00bb style=\u00bbflat\u00bb shape=\u00bbround\u00bb color=\u00bbtheme_style_3&#8243; i_align=\u00bbright\u00bb i_icon_fontawesome=\u00bbstm-arrow-next\u00bb add_icon=\u00bbtrue\u00bb link=\u00bburl:http%3A%2F%2Fastcargo.com%2Findex.php%2Fcontacts%2F|title:Cont%C3%A1ctenos||\u00bb][\/vc_column][\/vc_row][vc_row css=\u00bb.vc_custom_1450356751610{margin-bottom: 0px !important;}\u00bb][vc_column css=\u00bb.vc_custom_1450446299241{margin-bottom: 60px !important;}\u00bb offset=\u00bbvc_col-lg-6 vc_col-md-7&#8243;][vc_custom_heading text=\u00bbNoticias\u00bb use_theme_fonts=\u00bbyes\u00bb css=\u00bb.vc_custom_1716000516014{margin-bottom: 38px !important;}\u00bb link=\u00bburl:https%3A%2F%2Fastcargo.com%2Findex.php%2F2015%2F11%2F23%2Fel-regreso-de-las-inspecciones-de-trailers-de-mexico-a-eeuu-generan-perdidas-millonarias-al-comercio%2F|title:El%20regreso%20de%20las%20inspecciones%20de%20tr%C3%A1ilers%20de%20M%C3%A9xico%20a%20EE%20UU%20generan%20p%C3%A9rdidas%20millonarias%20al%20comercio\u00bb][stm_news loop=\u00bbsize:1|post_type:post,page|categories:32&#8243;][\/vc_column][vc_column css=\u00bb.vc_custom_1450446304318{margin-bottom: 60px !important;}\u00bb offset=\u00bbvc_col-lg-6 vc_col-md-5&#8243;][vc_custom_heading text=\u00bbPreguntas Comunes\u00bb use_theme_fonts=\u00bbyes\u00bb css=\u00bb.vc_custom_1565995834970{margin-bottom: 38px !important;}\u00bb][vc_tta_accordion style=\u00bboutline\u00bb shape=\u00bbsquare\u00bb color=\u00bbtheme_style\u00bb c_icon=\u00bbchevron\u00bb c_position=\u00bbright\u00bb active_section=\u00bb1&#8243; no_fill=\u00bbtrue\u00bb][vc_tta_section title=\u00bb\u00bfQu\u00e9 es un Freight Forwarder?\u00bb tab_id=\u00bb1450333286729-b84bb545-f459&#8243;][vc_column_text]<\/p>\n<div id=\"output\">\n<p><b>Forwarder<\/b>, tambi\u00e9n conocidos como\u00a0<b>Freight Forwarder<\/b> o agentes de carga son empresas que brindan servicios de log\u00edstica, ya sea como agente aduanal, exportadores o brindando asesor\u00eda para importar de China a Honduras (o desde otros pa\u00edses) de forma personalizada y atendiendo las necesidades espec\u00edficas de sus clientes.<\/p>\n<\/div>\n<p>[\/vc_column_text][\/vc_tta_section][vc_tta_section title=\u00bb\u00bfQu\u00e9 es un NVOCC?\u00bb tab_id=\u00bb1450333395266-cee3f8a0-cdaa\u00bb][vc_column_text]<\/p>\n<div id=\"output\">\n<p><strong>NVOCC<\/strong> es una abreviatura de <strong>Non-Vessel Owning Common Carrier<\/strong>, que es una agencia o entidad especial que interviene para los propietarios de negocios que no necesitan todo el contenedor proporcionado por los agentes de carga para enviar su material, sino solo una parte. Los servicios de <strong>NVOCC<\/strong> incluyen el llenado y transporte de m\u00faltiples contenedores a varios puertos de escala.<\/p>\n<\/div>\n<p>[\/vc_column_text][\/vc_tta_section][vc_tta_section title=\u00bb\u00bfQu\u00e9 significa el t\u00e9rmino FCL?\u00bb tab_id=\u00bb1450333393575-560e10ae-d671&#8243;][vc_column_text]La abreviatura FCL proviene del ingl\u00e9s y significa\u00a0<b>Full Container Load<\/b>. En espa\u00f1ol, esto se traduce en carga completa del contenedor. Los contenedores se utilizan principalmente como medio de transporte en el comercio internacional de mercanc\u00edas.[\/vc_column_text][\/vc_tta_section][vc_tta_section title=\u00bb\u00bfQu\u00e9 significa el termino LCL?\u00bb tab_id=\u00bb1450333390085-ccbb2f35-ff19&#8243;][vc_column_text]<strong>LCL<\/strong> <strong>(Less Container Load)<\/strong> Significa contenedores de grupaje y describe el env\u00edo mar\u00edtimo para cargas que no son lo suficientemente grandes para llenar un contenedor de env\u00edo completo de 20 pies o 40 pies. Dado que los env\u00edos LCL llenan menos de un contenedor completo de 20 o 40 pies, estos se agrupan con otras cargas.[\/vc_column_text][\/vc_tta_section][vc_tta_section title=\u00bb\u00bfCu\u00e1les son las diferencias entre FCL y LCL?\u00bb tab_id=\u00bb1450333387414-6ded1f9e-e822&#8243;][vc_column_text]En un\u00a0<b>FCL<\/b>, todo el contenedor est\u00e1 a disposici\u00f3n del importador o exportador. En contraste, un\u00a0<b>LCL<\/b>\u00a0o grupaje\u00a0<span tabindex=\"0\" role=\"tooltip\"><span class=\"c5aZPb\" tabindex=\"0\" role=\"button\" data-enable-toggle-animation=\"true\" data-extra-container-classes=\"ZLo7Eb\" data-hover-hide-delay=\"1000\" data-hover-open-delay=\"500\" data-send-open-event=\"true\" data-theme=\"0\" data-width=\"250\" data-ved=\"2ahUKEwiL88ib0ZGGAxVNTDABHdBMD7MQmpgGegQIIxAD\"><span class=\"JPfdse\" data-bubble-link=\"\" data-segment-text=\"mar\u00edtimo\">mar\u00edtimo<\/span><\/span><\/span>, es un tipo de env\u00edo en el que la carga viaja dentro de un contenedor junto con las cargas de otros expedidores. Por eso tambi\u00e9n se conoce esta modalidad como &#8216;contenedor compartido&#8217;.[\/vc_column_text][\/vc_tta_section][\/vc_tta_accordion][\/vc_column][\/vc_row][vc_row full_width=\u00bbstretch_row\u00bb equal_height=\u00bbyes\u00bb css=\u00bb.vc_custom_1450446724850{margin-bottom: 0px !important;margin-left: 0px !important;background-color: #f7f7f7 !important;}\u00bb el_class=\u00bbreset-sm-paddings\u00bb][vc_column css=\u00bb.vc_custom_1450444940366{padding-top: 80px !important;padding-bottom: 31px !important;}\u00bb offset=\u00bbvc_col-lg-5 vc_col-md-6&#8243;][vc_custom_heading text=\u00bb\u00bfQu\u00e9 nos hace especiales?\u00bb use_theme_fonts=\u00bbyes\u00bb][vc_column_text]<\/p>\n<ul>\n<li>Contamos con un equipo de trabajo pro activo, comprometido, serio y responsable.<\/li>\n<li>Ponemos a su disposici\u00f3n experiencia y agilidad.<\/li>\n<li>Ofrecemos operaciones log\u00edsticas integrales.<\/li>\n<\/ul>\n<p>[\/vc_column_text][vc_row_inner css=\u00bb.vc_custom_1449127190171{margin-bottom: 0px !important;}\u00bb el_class=\u00bbreset-sm-paddings\u00bb][vc_column_inner width=\u00bb1\/2&#8243; css=\u00bb.vc_custom_1450423994691{margin-bottom: 44px !important;}\u00bb offset=\u00bbvc_col-xs-12&#8243;][stm_icon drawing=\u00bbyes\u00bb icon_width_svg=\u00bb68&#8243; icon_size=\u00bb71&#8243; icon_height=\u00bb72&#8243; title_font_size=\u00bb12&#8243; title_font_weight=\u00bb600&#8243; align=\u00bbcenter\u00bb title=\u00bbEquipo pro activo y<br \/>\ncomprometido\u00bb drawing_icon=\u00bbstm-people-in-team\u00bb][\/vc_column_inner][vc_column_inner width=\u00bb1\/2&#8243;][stm_icon icon_size=\u00bb71&#8243; icon_height=\u00bb72&#8243; title_font_size=\u00bb12&#8243; title_font_weight=\u00bb500&#8243; align=\u00bbcenter\u00bb icon=\u00bbfa fa-handshake-o\u00bb title=\u00bbSeriedad y Responsabilidad\u00bb][\/vc_column_inner][\/vc_row_inner][vc_column_text css=\u00bb.vc_custom_1567040265711{margin-top: 0px !important;}\u00bb]<\/p>\n<p style=\"text-align: center;\"><strong>OPERACIONES LOG\u00cdSTICAS INTEGRALES<\/strong><\/p>\n<p>[\/vc_column_text][vc_row_inner css=\u00bb.vc_custom_1449127193884{margin-bottom: 0px !important;}\u00bb el_class=\u00bbreset-sm-paddings\u00bb][vc_column_inner width=\u00bb1\/3&#8243; css=\u00bb.vc_custom_1450424067703{margin-bottom: 44px !important;}\u00bb offset=\u00bbvc_col-xs-12&#8243;][stm_icon drawing=\u00bbyes\u00bb icon_position=\u00bbicon_position_left\u00bb icon_width_svg=\u00bb72&#8243; icon_size=\u00bb50&#8243; icon_width=\u00bb95&#8243; title_font_size=\u00bb14&#8243; title_font_weight=\u00bb600&#8243; drawing_icon=\u00bbstm-ground-transport\u00bb][\/vc_column_inner][vc_column_inner width=\u00bb1\/3&#8243; css=\u00bb.vc_custom_1450424075450{margin-bottom: 44px !important;}\u00bb offset=\u00bbvc_col-xs-12&#8243;][stm_icon drawing=\u00bbyes\u00bb icon_width_svg=\u00bb77&#8243; icon_size=\u00bb50&#8243; icon_height=\u00bb72&#8243; title_font_size=\u00bb12&#8243; title_font_weight=\u00bb600&#8243; drawing_icon=\u00bbstm-logistic-services\u00bb][\/vc_column_inner][vc_column_inner width=\u00bb1\/3&#8243;][stm_icon icon_size=\u00bb71&#8243; icon_height=\u00bb72&#8243; title_font_size=\u00bb14&#8243; title_font_weight=\u00bb500&#8243; icon=\u00bbstm-transport839&#8243;][\/vc_column_inner][\/vc_row_inner][\/vc_column][vc_column offset=\u00bbvc_col-lg-7 vc_col-md-6&#8243; css=\u00bb.vc_custom_1450444946350{padding-left: 45px !important;}\u00bb][vc_row_inner el_class=\u00bbreset-sm-paddings\u00bb][vc_column_inner el_class=\u00bbbase_bg_color\u00bb css=\u00bb.vc_custom_1450423858601{padding-top: 80px !important;padding-right: 40px !important;padding-bottom: 50px !important;padding-left: 40px !important;}\u00bb][vc_custom_heading text=\u00bbSolicite una cotizaci\u00f3n gratis\u00bb font_container=\u00bbtag:h2|text_align:left|color:%23ffffff\u00bb use_theme_fonts=\u00bbyes\u00bb]\n<div class=\"wpcf7 no-js\" id=\"wpcf7-f208-o1\" lang=\"en-US\" dir=\"ltr\" data-wpcf7-id=\"208\">\n<div class=\"screen-reader-response\"><p role=\"status\" aria-live=\"polite\" aria-atomic=\"true\"><\/p> <ul><\/ul><\/div>\n<form action=\"\/index.php\/wp-json\/wp\/v2\/pages\/1269#wpcf7-f208-o1\" method=\"post\" class=\"wpcf7-form init\" aria-label=\"Contact form\" novalidate=\"novalidate\" data-status=\"init\">\n<fieldset class=\"hidden-fields-container\"><input type=\"hidden\" name=\"_wpcf7\" value=\"208\" \/><input type=\"hidden\" name=\"_wpcf7_version\" value=\"6.1.5\" \/><input type=\"hidden\" name=\"_wpcf7_locale\" value=\"en_US\" \/><input type=\"hidden\" name=\"_wpcf7_unit_tag\" value=\"wpcf7-f208-o1\" \/><input type=\"hidden\" name=\"_wpcf7_container_post\" value=\"0\" \/><input type=\"hidden\" name=\"_wpcf7_posted_data_hash\" value=\"\" \/>\n<\/fieldset>\n<div class=\"request_quote\">\n\t<div class=\"row\">\n\t\t<div class=\"col-lg-6 col-md-6 col-sm-6 col-xs-12\">\n\t\t\t<div class=\"input-group\">\n\t\t\t\t<p><span class=\"wpcf7-form-control-wrap\" data-name=\"freight_type\"><select class=\"wpcf7-form-control wpcf7-select\" aria-invalid=\"false\" name=\"freight_type\"><option value=\"\">Tipo de Transporte<\/option><option value=\"Transporte Terrestre\">Transporte Terrestre<\/option><option value=\"Transporte A\u00e9reo\">Transporte A\u00e9reo<\/option><option value=\"Transporte Mar\u00edtimo\">Transporte Mar\u00edtimo<\/option><option value=\"Almacenamiento\">Almacenamiento<\/option><\/select><\/span>\n\t\t\t\t<\/p>\n\t\t\t<\/div>\n\t\t\t<div class=\"input-group\">\n\t\t\t\t<p><span class=\"wpcf7-form-control-wrap\" data-name=\"departure_city\"><input size=\"40\" maxlength=\"400\" class=\"wpcf7-form-control wpcf7-text wpcf7-validates-as-required\" aria-required=\"true\" aria-invalid=\"false\" placeholder=\"Ciudad de partida\" value=\"\" type=\"text\" name=\"departure_city\" \/><\/span>\n\t\t\t\t<\/p>\n\t\t\t<\/div>\n\t\t\t<div class=\"input-group\">\n\t\t\t\t<p><span class=\"wpcf7-form-control-wrap\" data-name=\"delivery_city\"><input size=\"40\" maxlength=\"400\" class=\"wpcf7-form-control wpcf7-text\" aria-invalid=\"false\" placeholder=\"Ciudad de destino\" value=\"\" type=\"text\" name=\"delivery_city\" \/><\/span>\n\t\t\t\t<\/p>\n\t\t\t<\/div>\n\t\t\t<div class=\"input-group\">\n\t\t\t\t<p><span class=\"wpcf7-form-control-wrap\" data-name=\"incoterms\"><select class=\"wpcf7-form-control wpcf7-select\" aria-invalid=\"false\" name=\"incoterms\"><option value=\"\">Incoterm<\/option><option value=\"EXW\">EXW<\/option><option value=\"FCA\">FCA<\/option><option value=\"CPT\">CPT<\/option><option value=\"CIP\">CIP<\/option><option value=\"DAT\">DAT<\/option><option value=\"DAP\">DAP<\/option><option value=\"DDP\">DDP<\/option><option value=\"FAS\">FAS<\/option><option value=\"FOB\">FOB<\/option><option value=\"CFR\">CFR<\/option><option value=\"CIF\">CIF<\/option><\/select><\/span>\n\t\t\t\t<\/p>\n\t\t\t<\/div>\n\t\t\t<div class=\"input-group\">\n\t\t\t\t<p><span class=\"wpcf7-form-control-wrap\" data-name=\"total_weight\"><input size=\"40\" maxlength=\"400\" class=\"wpcf7-form-control wpcf7-text\" aria-invalid=\"false\" placeholder=\"Peso bruto total (KG)\" value=\"\" type=\"text\" name=\"total_weight\" \/><\/span>\n\t\t\t\t<\/p>\n\t\t\t<\/div>\n\t\t<\/div>\n\t\t<div class=\"col-lg-6 col-md-6 col-sm-6 col-xs-12\">\n\t\t\t<div class=\"input-group\">\n\t\t\t\t<p><span class=\"wpcf7-form-control-wrap\" data-name=\"dimension\"><input size=\"40\" maxlength=\"400\" class=\"wpcf7-form-control wpcf7-text\" aria-invalid=\"false\" placeholder=\"Dimensi\u00f3n\" value=\"\" type=\"text\" name=\"dimension\" \/><\/span>\n\t\t\t\t<\/p>\n\t\t\t<\/div>\n\t\t\t<div class=\"input-group\">\n\t\t\t\t<p><span class=\"wpcf7-form-control-wrap\" data-name=\"email-557\"><input size=\"40\" maxlength=\"400\" class=\"wpcf7-form-control wpcf7-email wpcf7-validates-as-required wpcf7-text wpcf7-validates-as-email\" aria-required=\"true\" aria-invalid=\"false\" placeholder=\"Correo electr\u00f3nico\" value=\"\" type=\"email\" name=\"email-557\" \/><\/span>\n\t\t\t\t<\/p>\n\t\t\t<\/div>\n\t\t\t<div class=\"input-group\">\n\t\t\t\t<p><span class=\"wpcf7-form-control-wrap\" data-name=\"message\"><textarea cols=\"40\" rows=\"10\" maxlength=\"2000\" class=\"wpcf7-form-control wpcf7-textarea\" aria-invalid=\"false\" placeholder=\"Mensaje\" name=\"message\"><\/textarea><\/span>\n\t\t\t\t<\/p>\n\t\t\t<\/div>\n\t\t\t<div class=\"input-group\">\n\t\t\t\t<p><button class=\"button size-sm fullwidth white-text theme-wpcf7-submit\">Enviar<i class=\"stm-arrow-next\"><\/i><\/button>\n\t\t\t\t<\/p>\n\t\t\t<\/div>\n\t\t<\/div>\n\t<\/div>\n<\/div><div class=\"wpcf7-response-output\" aria-hidden=\"true\"><\/div>\n<\/form>\n<\/div>\n[\/vc_column_inner][\/vc_row_inner][\/vc_column][\/vc_row][vc_row full_width=\u00bbstretch_row_content_no_spaces\u00bb css=\u00bb.vc_custom_1446716672180{margin-bottom: 0px !important;}\u00bb][vc_column][stm_gmap map_zoom=\u00bb18&#8243; disable_mouse_whell=\u00bbdisable\u00bb marker=\u00bb1241&#8243;][stm_gmap_address title=\u00bbTegucigalpa, Honduras\u00bb address=\u00bbCol. Am\u00e9rica, edificio Xcala, cub\u00edculo 1010, Tegucigalpa\u00bb phone=\u00bb+504 9998-3012&#8243; email=\u00bbhmolina@astcargo.com\u00bb lat=\u00bb14.070644&#8243; lng=\u00bb-87.202214&#8243;][stm_gmap_address title=\u00bbSan Pedro Sula, Honduras\u00bb address=\u00bbTerminal General de Carga, Edificio EHISA, San Pedro Sula\u00bb phone=\u00bb+504 9873-4926&#8243; email=\u00bbdortega@astcargo.com\u00bb lat=\u00bb15.497392&#8243; lng=\u00bb-88.021716&#8243;][stm_gmap_address title=\u00bbEstados Unidos\u00bb address=\u00bbMiami, Florida 33222&#8243; phone=\u00bb +1 (786) 251-8634&#8243; email=\u00bbargilio@master-customs.com\u00bb lat=\u00bb25.774013&#8243; lng=\u00bb-80.205772&#8243;][\/stm_gmap][\/vc_column][\/vc_row]<\/p>\n<\/section>","protected":false},"excerpt":{"rendered":"<p>[vc_row full_width=\u00bbstretch_row_content_no_spaces\u00bb css=\u00bb.vc_custom_1445941555299{margin-bottom: 0px !important;}\u00bb][vc_column offset=\u00bbvc_hidden-xs\u00bb][rev_slider_vc alias=\u00bbmain_slider\u00bb][\/vc_column][\/vc_row][vc_row full_width=\u00bbstretch_row\u00bb el_class=\u00bbbase_bg_color no_overflow_hidden\u00bb css=\u00bb.vc_custom_1448432556856{margin-bottom: 80px !important;}\u00bb][vc_column width=\u00bb1\/4&#8243; offset=\u00bbvc_hidden-xs\u00bb][stm_rev_slider_nav title=\u00bbTransporte Terrestre\u00bb icon=\u00bbstm-transport842&#8243; slide_number=\u00bb1&#8243;][\/vc_column][vc_column width=\u00bb1\/4&#8243; offset=\u00bbvc_hidden-xs\u00bb][stm_rev_slider_nav title=\u00bbTransporte A\u00e9reo\u00bb icon=\u00bbstm-transport839&#8243; slide_number=\u00bb2&#8243;][\/vc_column][vc_column width=\u00bb1\/4&#8243; offset=\u00bbvc_hidden-xs\u00bb][stm_rev_slider_nav title=\u00bbTransporte Mar\u00edtimo\u00bb icon=\u00bbstm-ship\u00bb slide_number=\u00bb3&#8243;][\/vc_column][vc_column width=\u00bb1\/4&#8243; offset=\u00bbvc_hidden-xs\u00bb][stm_rev_slider_nav&#8230;<\/p>\n","protected":false},"author":1,"featured_media":0,"parent":0,"menu_order":0,"comment_status":"closed","ping_status":"open","template":"","meta":{"footnotes":""},"class_list":["post-1269","page","type-page","status-publish","hentry"],"_links":{"self":[{"href":"https:\/\/www.astcargo.com\/index.php\/wp-json\/wp\/v2\/pages\/1269","targetHints":{"allow":["GET"]}}],"collection":[{"href":"https:\/\/www.astcargo.com\/index.php\/wp-json\/wp\/v2\/pages"}],"about":[{"href":"https:\/\/www.astcargo.com\/index.php\/wp-json\/wp\/v2\/types\/page"}],"author":[{"embeddable":true,"href":"https:\/\/www.astcargo.com\/index.php\/wp-json\/wp\/v2\/users\/1"}],"replies":[{"embeddable":true,"href":"https:\/\/www.astcargo.com\/index.php\/wp-json\/wp\/v2\/comments?post=1269"}],"version-history":[{"count":97,"href":"https:\/\/www.astcargo.com\/index.php\/wp-json\/wp\/v2\/pages\/1269\/revisions"}],"predecessor-version":[{"id":1657,"href":"https:\/\/www.astcargo.com\/index.php\/wp-json\/wp\/v2\/pages\/1269\/revisions\/1657"}],"wp:attachment":[{"href":"https:\/\/www.astcargo.com\/index.php\/wp-json\/wp\/v2\/media?parent=1269"}],"curies":[{"name":"wp","href":"https:\/\/api.w.org\/{rel}","templated":true}]}}